{"id":5,"date":"2018-07-11T14:27:45","date_gmt":"2018-07-11T12:27:45","guid":{"rendered":"http:\/\/lescavesdejoseph.com\/?page_id=5"},"modified":"2024-01-12T14:07:25","modified_gmt":"2024-01-12T13:07:25","slug":"lhistoire-des-caves-de-joseph","status":"publish","type":"page","link":"https:\/\/lescavesdejoseph.com\/index.php\/lhistoire-des-caves-de-joseph\/","title":{"rendered":"L&rsquo;histoire des Caves de Joseph"},"content":{"rendered":"\t\t<div data-elementor-type=\"wp-post\" data-elementor-id=\"5\" class=\"elementor elementor-5\" data-elementor-post-type=\"page\">\n\t\t\t\t\t\t<section class=\"elementor-section elementor-top-section elementor-element elementor-element-670a796 elementor-section-height-min-height elementor-section-stretched elementor-section-content-middle elementor-section-full_width elementor-section-height-default elementor-section-items-middle\" data-id=\"670a796\" data-element_type=\"section\" data-settings=\"{&quot;background_background&quot;:&quot;classic&quot;,&quot;stretch_section&quot;:&quot;section-stretched&quot;}\">\n\t\t\t\t\t\t<div class=\"elementor-container elementor-column-gap-default\">\n\t\t\t\t\t<div class=\"elementor-column elementor-col-100 elementor-top-column elementor-element elementor-element-2c8a239\" data-id=\"2c8a239\" data-element_type=\"column\" data-settings=\"{&quot;background_background&quot;:&quot;classic&quot;}\">\n\t\t\t<div class=\"elementor-widget-wrap elementor-element-populated\">\n\t\t\t\t\t\t<div class=\"elementor-element elementor-element-2cb7c2c elementor-widget elementor-widget-heading\" data-id=\"2cb7c2c\" data-element_type=\"widget\" data-widget_type=\"heading.default\">\n\t\t\t\t<div class=\"elementor-widget-container\">\n\t\t\t\t\t<h1 class=\"elementor-heading-title elementor-size-large\">L'HISTOIRE DE LA CAVE DE JOSEPH<\/h1>\t\t\t\t<\/div>\n\t\t\t\t<\/div>\n\t\t\t\t<div class=\"elementor-element elementor-element-65dcfec elementor-widget elementor-widget-heading\" data-id=\"65dcfec\" data-element_type=\"widget\" data-widget_type=\"heading.default\">\n\t\t\t\t<div class=\"elementor-widget-container\">\n\t\t\t\t\t<h2 class=\"elementor-heading-title elementor-size-large\">DEPUIS 2015<\/h2>\t\t\t\t<\/div>\n\t\t\t\t<\/div>\n\t\t\t\t\t<\/div>\n\t\t<\/div>\n\t\t\t\t\t<\/div>\n\t\t<\/section>\n\t\t\t\t<section class=\"elementor-section elementor-top-section elementor-element elementor-element-610712f elementor-section-full_width elementor-section-stretched elementor-section-height-default elementor-section-height-default\" data-id=\"610712f\" data-element_type=\"section\" data-settings=\"{&quot;background_background&quot;:&quot;classic&quot;,&quot;stretch_section&quot;:&quot;section-stretched&quot;}\">\n\t\t\t\t\t\t<div class=\"elementor-container elementor-column-gap-default\">\n\t\t\t\t\t<div class=\"elementor-column elementor-col-50 elementor-top-column elementor-element elementor-element-9a5f5f1\" data-id=\"9a5f5f1\" data-element_type=\"column\">\n\t\t\t<div class=\"elementor-widget-wrap elementor-element-populated\">\n\t\t\t\t\t\t<div class=\"elementor-element elementor-element-eacb142 elementor-widget elementor-widget-heading\" data-id=\"eacb142\" data-element_type=\"widget\" data-widget_type=\"heading.default\">\n\t\t\t\t<div class=\"elementor-widget-container\">\n\t\t\t\t\t<h2 class=\"elementor-heading-title elementor-size-default\">UNE CAVE N\u00c9E DE LA PASSION POUR L'AUTHENTICIT\u00c9<\/h2>\t\t\t\t<\/div>\n\t\t\t\t<\/div>\n\t\t\t\t<div class=\"elementor-element elementor-element-f08fc70 elementor-widget elementor-widget-heading\" data-id=\"f08fc70\" data-element_type=\"widget\" data-widget_type=\"heading.default\">\n\t\t\t\t<div class=\"elementor-widget-container\">\n\t\t\t\t\t<h3 class=\"elementor-heading-title elementor-size-default\">Un voyage authentique au c\u0153ur du vin<\/h3>\t\t\t\t<\/div>\n\t\t\t\t<\/div>\n\t\t\t\t<div class=\"elementor-element elementor-element-db87798 elementor-widget elementor-widget-text-editor\" data-id=\"db87798\" data-element_type=\"widget\" data-widget_type=\"text-editor.default\">\n\t\t\t\t<div class=\"elementor-widget-container\">\n\t\t\t\t\t\t\t\t\t<p>Fond\u00e9e en juillet 2015, la Cave de Joseph \u00e0 Rennes est bien plus qu&rsquo;un simple \u00e9tablissement d\u00e9di\u00e9 au vin. C&rsquo;est un lieu empreint de passion pour les vins de terroir et l&rsquo;art de la d\u00e9gustation. Depuis ses d\u00e9buts, la cave s&rsquo;est \u00e9rig\u00e9e en v\u00e9ritable rep\u00e8re pour les amateurs de vins de qualit\u00e9, offrant une s\u00e9lection m\u00e9ticuleuse des meilleures r\u00e9f\u00e9rences issues des principales r\u00e9gions viticoles fran\u00e7aises et d&rsquo;ailleurs.<\/p><p>Le fondateur, fort d&rsquo;une expertise en sommellerie et d&rsquo;une passion ind\u00e9fectible pour le monde du vin, a cr\u00e9\u00e9 un espace o\u00f9 l&rsquo;exploration et la d\u00e9couverte sont \u00e0 l&rsquo;honneur.<\/p>\t\t\t\t\t\t\t\t<\/div>\n\t\t\t\t<\/div>\n\t\t\t\t\t<\/div>\n\t\t<\/div>\n\t\t\t\t<div class=\"elementor-column elementor-col-50 elementor-top-column elementor-element elementor-element-2bcc88d\" data-id=\"2bcc88d\" data-element_type=\"column\" data-settings=\"{&quot;background_background&quot;:&quot;classic&quot;}\">\n\t\t\t<div class=\"elementor-widget-wrap elementor-element-populated\">\n\t\t\t\t\t\t<div class=\"elementor-element elementor-element-7dbed5c elementor-widget elementor-widget-image\" data-id=\"7dbed5c\" data-element_type=\"widget\" data-widget_type=\"image.default\">\n\t\t\t\t<div class=\"elementor-widget-container\">\n\t\t\t\t\t\t\t\t\t\t\t\t\t\t\t<img fetchpriority=\"high\" decoding=\"async\" width=\"2048\" height=\"1365\" src=\"https:\/\/lescavesdejoseph.com\/wp-content\/uploads\/2024\/01\/PDG-325.jpg\" class=\"attachment-full size-full wp-image-910\" alt=\"\" srcset=\"https:\/\/lescavesdejoseph.com\/wp-content\/uploads\/2024\/01\/PDG-325.jpg 2048w, https:\/\/lescavesdejoseph.com\/wp-content\/uploads\/2024\/01\/PDG-325-300x200.jpg 300w, https:\/\/lescavesdejoseph.com\/wp-content\/uploads\/2024\/01\/PDG-325-1024x683.jpg 1024w, https:\/\/lescavesdejoseph.com\/wp-content\/uploads\/2024\/01\/PDG-325-768x512.jpg 768w, https:\/\/lescavesdejoseph.com\/wp-content\/uploads\/2024\/01\/PDG-325-1536x1024.jpg 1536w\" sizes=\"(max-width: 2048px) 100vw, 2048px\" \/>\t\t\t\t\t\t\t\t\t\t\t\t\t\t\t<\/div>\n\t\t\t\t<\/div>\n\t\t\t\t\t<\/div>\n\t\t<\/div>\n\t\t\t\t\t<\/div>\n\t\t<\/section>\n\t\t\t\t<section class=\"elementor-section elementor-top-section elementor-element elementor-element-45b613d elementor-section-full_width elementor-section-stretched elementor-section-height-default elementor-section-height-default\" data-id=\"45b613d\" data-element_type=\"section\" data-settings=\"{&quot;background_background&quot;:&quot;classic&quot;,&quot;stretch_section&quot;:&quot;section-stretched&quot;}\">\n\t\t\t\t\t\t<div class=\"elementor-container elementor-column-gap-default\">\n\t\t\t\t\t<div class=\"elementor-column elementor-col-50 elementor-top-column elementor-element elementor-element-d27c25a\" data-id=\"d27c25a\" data-element_type=\"column\" data-settings=\"{&quot;background_background&quot;:&quot;classic&quot;}\">\n\t\t\t<div class=\"elementor-widget-wrap elementor-element-populated\">\n\t\t\t\t\t\t<div class=\"elementor-element elementor-element-b7da1c4 elementor-widget elementor-widget-image\" data-id=\"b7da1c4\" data-element_type=\"widget\" data-widget_type=\"image.default\">\n\t\t\t\t<div class=\"elementor-widget-container\">\n\t\t\t\t\t\t\t\t\t\t\t\t\t\t\t<img decoding=\"async\" width=\"2560\" height=\"1707\" src=\"https:\/\/lescavesdejoseph.com\/wp-content\/uploads\/2024\/01\/193-scaled.jpg\" class=\"attachment-full size-full wp-image-906\" alt=\"\" srcset=\"https:\/\/lescavesdejoseph.com\/wp-content\/uploads\/2024\/01\/193-scaled.jpg 2560w, https:\/\/lescavesdejoseph.com\/wp-content\/uploads\/2024\/01\/193-300x200.jpg 300w, https:\/\/lescavesdejoseph.com\/wp-content\/uploads\/2024\/01\/193-1024x683.jpg 1024w, https:\/\/lescavesdejoseph.com\/wp-content\/uploads\/2024\/01\/193-768x512.jpg 768w, https:\/\/lescavesdejoseph.com\/wp-content\/uploads\/2024\/01\/193-1536x1024.jpg 1536w, https:\/\/lescavesdejoseph.com\/wp-content\/uploads\/2024\/01\/193-2048x1365.jpg 2048w\" sizes=\"(max-width: 2560px) 100vw, 2560px\" \/>\t\t\t\t\t\t\t\t\t\t\t\t\t\t\t<\/div>\n\t\t\t\t<\/div>\n\t\t\t\t\t<\/div>\n\t\t<\/div>\n\t\t\t\t<div class=\"elementor-column elementor-col-50 elementor-top-column elementor-element elementor-element-1e21d8f\" data-id=\"1e21d8f\" data-element_type=\"column\">\n\t\t\t<div class=\"elementor-widget-wrap elementor-element-populated\">\n\t\t\t\t\t\t<div class=\"elementor-element elementor-element-a900ca0 elementor-widget elementor-widget-heading\" data-id=\"a900ca0\" data-element_type=\"widget\" data-widget_type=\"heading.default\">\n\t\t\t\t<div class=\"elementor-widget-container\">\n\t\t\t\t\t<h2 class=\"elementor-heading-title elementor-size-default\">NOTRE CAVISTE<\/h2>\t\t\t\t<\/div>\n\t\t\t\t<\/div>\n\t\t\t\t<div class=\"elementor-element elementor-element-e3634aa elementor-widget elementor-widget-heading\" data-id=\"e3634aa\" data-element_type=\"widget\" data-widget_type=\"heading.default\">\n\t\t\t\t<div class=\"elementor-widget-container\">\n\t\t\t\t\t<h3 class=\"elementor-heading-title elementor-size-default\">R\u00e9gis Gabillard<\/h3>\t\t\t\t<\/div>\n\t\t\t\t<\/div>\n\t\t\t\t<div class=\"elementor-element elementor-element-ebc1bd4 elementor-widget elementor-widget-text-editor\" data-id=\"ebc1bd4\" data-element_type=\"widget\" data-widget_type=\"text-editor.default\">\n\t\t\t\t<div class=\"elementor-widget-container\">\n\t\t\t\t\t\t\t\t\t<p>Fort d&rsquo;une formation en sommellerie, R\u00e9gis a forg\u00e9 ses premiers pas au prestigieux Lyc\u00e9e h\u00f4telier de Dinard, d\u00e9crochant brillamment sa Mention Compl\u00e9mentaire en Sommellerie. Son voyage dans le monde du vin d\u00e9bute \u00e0 Paris, o\u00f9 il fait ses armes en tant que commis au c\u00e9l\u00e8bre restaurant \u00ab\u00a0La Tour d&rsquo;Argent\u00a0\u00bb, une exp\u00e9rience enrichissante de 18 mois qui fa\u00e7onne son expertise.<\/p>\n<p>En qu\u00eate de nouveaux horizons, il s&rsquo;envole vers l&rsquo;Angleterre avant de revenir en France pour int\u00e9grer le groupe Ducasse \u00e0 Paris. Cependant, l&rsquo;appel de la Bretagne est irr\u00e9sistible, le ramenant finalement \u00e0 Rennes, o\u00f9 il d\u00e9cide de poser ses valises.<\/p>\n<p>En juillet 2015, une nouvelle aventure s&rsquo;offre \u00e0 lui : la responsabilit\u00e9 d&rsquo;une toute nouvelle cave dans le quartier de la Gare, la Cave de Joseph. Riche de centaines de r\u00e9f\u00e9rences, R\u00e9gis anime des d\u00e9gustations passionnantes, qu&rsquo;il s&rsquo;agisse de vins ou de spiritueux, partageant son expertise et ses conseils avis\u00e9s pour r\u00e9pondre \u00e0 chaque demande.<\/p>\t\t\t\t\t\t\t\t<\/div>\n\t\t\t\t<\/div>\n\t\t\t\t\t<\/div>\n\t\t<\/div>\n\t\t\t\t\t<\/div>\n\t\t<\/section>\n\t\t\t\t<\/div>\n\t\t","protected":false},"excerpt":{"rendered":"<p>L&rsquo;HISTOIRE DE LA CAVE DE JOSEPH DEPUIS 2015 UNE CAVE N\u00c9E DE LA PASSION POUR L&rsquo;AUTHENTICIT\u00c9 Un voyage authentique au c\u0153ur du vin Fond\u00e9e en juillet 2015, la Cave de Joseph \u00e0 Rennes est bien plus qu&rsquo;un simple \u00e9tablissement d\u00e9di\u00e9 au vin. C&rsquo;est un lieu empreint de passion pour les vins de terroir et l&rsquo;art [&hellip;]<\/p>\n","protected":false},"author":5,"featured_media":0,"parent":0,"menu_order":0,"comment_status":"closed","ping_status":"closed","template":"","meta":{"_monsterinsights_skip_tracking":false,"_monsterinsights_sitenote_active":false,"_monsterinsights_sitenote_note":"","_monsterinsights_sitenote_category":0,"ocean_post_layout":"","ocean_both_sidebars_style":"","ocean_both_sidebars_content_width":0,"ocean_both_sidebars_sidebars_width":0,"ocean_sidebar":"0","ocean_second_sidebar":"0","ocean_disable_margins":"enable","ocean_add_body_class":"","ocean_shortcode_before_top_bar":"","ocean_shortcode_after_top_bar":"","ocean_shortcode_before_header":"","ocean_shortcode_after_header":"","ocean_has_shortcode":"","ocean_shortcode_after_title":"","ocean_shortcode_before_footer_widgets":"","ocean_shortcode_after_footer_widgets":"","ocean_shortcode_before_footer_bottom":"","ocean_shortcode_after_footer_bottom":"","ocean_display_top_bar":"default","ocean_display_header":"default","ocean_header_style":"","ocean_center_header_left_menu":"0","ocean_custom_header_template":"0","ocean_custom_logo":0,"ocean_custom_retina_logo":0,"ocean_custom_logo_max_width":0,"ocean_custom_logo_tablet_max_width":0,"ocean_custom_logo_mobile_max_width":0,"ocean_custom_logo_max_height":0,"ocean_custom_logo_tablet_max_height":0,"ocean_custom_logo_mobile_max_height":0,"ocean_header_custom_menu":"0","ocean_menu_typo_font_family":"0","ocean_menu_typo_font_subset":"","ocean_menu_typo_font_size":0,"ocean_menu_typo_font_size_tablet":0,"ocean_menu_typo_font_size_mobile":0,"ocean_menu_typo_font_size_unit":"px","ocean_menu_typo_font_weight":"","ocean_menu_typo_font_weight_tablet":"","ocean_menu_typo_font_weight_mobile":"","ocean_menu_typo_transform":"","ocean_menu_typo_transform_tablet":"","ocean_menu_typo_transform_mobile":"","ocean_menu_typo_line_height":0,"ocean_menu_typo_line_height_tablet":0,"ocean_menu_typo_line_height_mobile":0,"ocean_menu_typo_line_height_unit":"","ocean_menu_typo_spacing":0,"ocean_menu_typo_spacing_tablet":0,"ocean_menu_typo_spacing_mobile":0,"ocean_menu_typo_spacing_unit":"","ocean_menu_link_color":"","ocean_menu_link_color_hover":"","ocean_menu_link_color_active":"","ocean_menu_link_background":"","ocean_menu_link_hover_background":"","ocean_menu_link_active_background":"","ocean_menu_social_links_bg":"","ocean_menu_social_hover_links_bg":"","ocean_menu_social_links_color":"","ocean_menu_social_hover_links_color":"","ocean_disable_title":"default","ocean_disable_heading":"default","ocean_post_title":"","ocean_post_subheading":"","ocean_post_title_style":"","ocean_post_title_background_color":"","ocean_post_title_background":0,"ocean_post_title_bg_image_position":"","ocean_post_title_bg_image_attachment":"","ocean_post_title_bg_image_repeat":"","ocean_post_title_bg_image_size":"","ocean_post_title_height":0,"ocean_post_title_bg_overlay":0.5,"ocean_post_title_bg_overlay_color":"","ocean_disable_breadcrumbs":"default","ocean_breadcrumbs_color":"","ocean_breadcrumbs_separator_color":"","ocean_breadcrumbs_links_color":"","ocean_breadcrumbs_links_hover_color":"","ocean_display_footer_widgets":"default","ocean_display_footer_bottom":"default","ocean_custom_footer_template":"","footnotes":""},"class_list":["post-5","page","type-page","status-publish","hentry","entry"],"aioseo_notices":[],"_links":{"self":[{"href":"https:\/\/lescavesdejoseph.com\/index.php\/wp-json\/wp\/v2\/pages\/5","targetHints":{"allow":["GET"]}}],"collection":[{"href":"https:\/\/lescavesdejoseph.com\/index.php\/wp-json\/wp\/v2\/pages"}],"about":[{"href":"https:\/\/lescavesdejoseph.com\/index.php\/wp-json\/wp\/v2\/types\/page"}],"author":[{"embeddable":true,"href":"https:\/\/lescavesdejoseph.com\/index.php\/wp-json\/wp\/v2\/users\/5"}],"replies":[{"embeddable":true,"href":"https:\/\/lescavesdejoseph.com\/index.php\/wp-json\/wp\/v2\/comments?post=5"}],"version-history":[{"count":57,"href":"https:\/\/lescavesdejoseph.com\/index.php\/wp-json\/wp\/v2\/pages\/5\/revisions"}],"predecessor-version":[{"id":1038,"href":"https:\/\/lescavesdejoseph.com\/index.php\/wp-json\/wp\/v2\/pages\/5\/revisions\/1038"}],"wp:attachment":[{"href":"https:\/\/lescavesdejoseph.com\/index.php\/wp-json\/wp\/v2\/media?parent=5"}],"curies":[{"name":"wp","href":"https:\/\/api.w.org\/{rel}","templated":true}]}}