{"id":43,"date":"2018-07-11T14:35:13","date_gmt":"2018-07-11T12:35:13","guid":{"rendered":"http:\/\/lescavesdejoseph.com\/?page_id=43"},"modified":"2018-07-24T16:00:44","modified_gmt":"2018-07-24T14:00:44","slug":"politique-de-confidentialite","status":"publish","type":"page","link":"https:\/\/lescavesdejoseph.com\/index.php\/politique-de-confidentialite\/","title":{"rendered":"Politique de confidentialit\u00e9"},"content":{"rendered":"<p class=\"font_8\">D\u00c9CLARATION DE CONFIDENTIALIT\u00c9<\/p>\n<p class=\"font_8\">&#8212;-<\/p>\n<p class=\"font_8\">DONNEES PERSONNELLES :<\/p>\n<p class=\"font_8\">De mani\u00e8re g\u00e9n\u00e9rale, vous n\u2019\u00eates pas tenu de nous communiquer vos donn\u00e9es personnelles lorsque vous visitez notre site Internet\u00a0lescavesdejoseph.com. Cependant, ce principe comporte certaines exceptions. En effet, pour certains services propos\u00e9s par notre site, vous pouvez \u00eatre amen\u00e9s \u00e0 nous communiquer certaines donn\u00e9es telles que : votre nom, votre adresse \u00e9lectronique, et votre num\u00e9ro de t\u00e9l\u00e9phone. Tel est le cas lorsque vous remplissez le formulaire qui vous est propos\u00e9 en ligne, dans la rubrique \u00ab contact \u00bb. Dans tous les cas, vous pouvez refuser de fournir vos donn\u00e9es personnelles. Dans ce cas, vous ne pourrez pas utiliser les services du site, notamment celui de solliciter des renseignements sur notre soci\u00e9t\u00e9, ou de recevoir les lettres d\u2019information. Enfin, nous pouvons collecter de mani\u00e8re automatique certaines informations vous concernant lors d\u2019une simple navigation sur notre site Internet, notamment : des informations concernant l\u2019utilisation de notre site, comme les zones que vous visitez et les services auxquels vous acc\u00e9dez, votre adresse IP, le type de votre navigateur, vos temps d&rsquo;acc\u00e8s. De telles informations sont utilis\u00e9es exclusivement \u00e0 des fins de statistiques internes, de mani\u00e8re \u00e0 am\u00e9liorer la qualit\u00e9 des services qui vous sont propos\u00e9s. Les bases de donn\u00e9es sont prot\u00e9g\u00e9es par les dispositions de la loi du 1er juillet 1998 transposant la directive 96\/9 du 11 mars 1996 relative \u00e0 la protection juridique des bases de donn\u00e9es.<\/p>\n<p class=\"font_8\"><span class=\"wixGuard\">\u200b<\/span><\/p>\n<p class=\"font_8\">ARTICLE 1 \u2013 RENSEIGNEMENTS PERSONNELS RECUEILLIS<\/p>\n<p class=\"font_8\">Lorsque vous naviguez sur le site lescavesdejoseph.com, plusieurs cookies sont d\u00e9pos\u00e9s dans votre navigateur et sur votre ordinateur.<\/p>\n<p class=\"font_8\">Lorsque vous naviguez sur notre site, nous recevons \u00e9galement automatiquement l\u2019adresse de protocole Internet (adresse IP) de votre ordinateur, qui nous permet d\u2019obtenir plus de d\u00e9tails au sujet du navigateur et du syst\u00e8me d\u2019exploitation que vous utilisez.<\/p>\n<p class=\"font_8\">Marketing par e-mail (le cas \u00e9ch\u00e9ant): Avec votre permission, nous pourrions vous envoyer des e-mails au sujet de notre boutique, de nouveaux produits et d\u2019autres mises \u00e0 jour.<\/p>\n<p class=\"font_8\">ARTICLE 2 &#8211; CONSENTEMENT<\/p>\n<p class=\"font_8\">Comment obtenez-vous mon consentement?<\/p>\n<p class=\"font_8\">Lorsque vous nous fournissez vos renseignements personnels pour \u00eatre contacter pour une r\u00e9servations ou plus d&rsquo;informations, nous pr\u00e9sumons que vous consentez \u00e0 ce que nous recueillions vos renseignements et \u00e0 ce que nous les utilisions \u00e0 cette fin uniquement.<\/p>\n<p class=\"font_8\">Si nous vous demandons de nous fournir vos renseignements personnels pour une autre raison, \u00e0 des fins de marketing par exemple, nous vous demanderons directement votre consentement explicite, ou nous vous donnerons la possibilit\u00e9 de refuser.<\/p>\n<p class=\"font_8\">Comment puis-je retirer mon consentement?<\/p>\n<p class=\"font_8\">Si apr\u00e8s nous avoir donn\u00e9 votre consentement, vous changez d\u2019avis et ne consentez plus \u00e0 ce que nous puissions vous contacter, recueillir vos renseignements ou les divulguer, vous pouvez nous en aviser en nous contactant \u00e0 lescavesdejoseph@outlook.fr\u00a0.<\/p>\n<p class=\"font_8\">ARTICLE 3 \u2013 DIVULGATION<\/p>\n<p class=\"font_8\">Nous pouvons divulguer vos renseignements personnels si la loi nous oblige \u00e0 le faire ou si vous violez nos Conditions G\u00e9n\u00e9rales de Vente et d\u2019Utilisation.<\/p>\n<p class=\"font_8\">ARTICLE 4 \u2013 WORDPRESS et OVH<\/p>\n<p class=\"font_8\">Notre site utilise WordPress. OVH nous fournit l&rsquo;h\u00e9bergement et les outils qui nous permettent de r\u00e9aliser ce site..<\/p>\n<p class=\"font_8\">Vos donn\u00e9es sont stock\u00e9es dans le syst\u00e8me de stockage de donn\u00e9es et les bases de donn\u00e9es d&rsquo;OVH, et dans l\u2019application g\u00e9n\u00e9rale de WordPress. Vos donn\u00e9es sont conserv\u00e9es sur un serveur s\u00e9curis\u00e9 prot\u00e9g\u00e9 par un pare-feu.<\/p>\n<p class=\"font_8\">ARTICLE 5 \u2013 SERVICES FOURNIS PAR DES TIERS<\/p>\n<p class=\"font_8\">De mani\u00e8re g\u00e9n\u00e9rale, les fournisseurs tiers que nous utilisons vont uniquement recueillir, utiliser et divulguer vos renseignements dans la mesure du n\u00e9cessaire pour pouvoir r\u00e9aliser les services qu\u2019ils nous fournissent.<\/p>\n<p class=\"font_8\">Une fois que vous quittez le site de lescavesdejoseph.com ou que vous \u00eates redirig\u00e9 vers le site web ou l\u2019application d\u2019un tiers, vous n\u2019\u00eates plus r\u00e9gi par la pr\u00e9sente Politique de Confidentialit\u00e9 ni par les Conditions G\u00e9n\u00e9rales de Vente et d\u2019Utilisation de notre site web.<\/p>\n<p class=\"font_8\">Liens<\/p>\n<p class=\"font_8\">Vous pourriez \u00eatre amen\u00e9 \u00e0 quitter notre site web en cliquant sur certains liens pr\u00e9sents sur notre site. Nous n\u2019assumons aucune responsabilit\u00e9 quant aux pratiques de confidentialit\u00e9 exerc\u00e9es par ces autres sites et vous recommandons de lire attentivement leurs politiques de confidentialit\u00e9.<\/p>\n<p class=\"font_8\">ARTICLE 6 \u2013 S\u00c9CURIT\u00c9<\/p>\n<p class=\"font_8\">Pour prot\u00e9ger vos donn\u00e9es personnelles, nous prenons des pr\u00e9cautions raisonnables et suivons les meilleures pratiques de l\u2019industrie pour nous assurer qu\u2019elles ne soient pas perdues, d\u00e9tourn\u00e9es, consult\u00e9es, divulgu\u00e9es, modifi\u00e9es ou d\u00e9truites de mani\u00e8re inappropri\u00e9e.<\/p>\n<p class=\"font_8\"><span class=\"wixGuard\">\u200b<\/span><\/p>\n<p class=\"font_8\">FICHIERS T\u00c9MOINS (COOKIES)<\/p>\n<p class=\"font_8\">Voici une liste de fichiers t\u00e9moins que nous utilisons. Nous les avons \u00e9num\u00e9r\u00e9s ici pour que vous ayez la possibilit\u00e9 de choisir si vous souhaitez les autoriser ou non.<\/p>\n<p class=\"font_8\">Lorsque vous visitez ou utilisez notre site lescavesdejoseph.com, nos services, nos applications, nos outils ou notre messagerie, nous, ou nos prestataires de services partenaires, pouvons utiliser des cookies pour stocker des informations nous permettant de vous offrir une exp\u00e9rience am\u00e9lior\u00e9e, plus rapide et plus s\u00e9curis\u00e9e.<\/p>\n<p class=\"font_8\">Cette page est con\u00e7ue pour vous aider \u00e0 comprendre davantage ces technologies et l&rsquo;utilisation que nous en faisons sur nos sites et dans le cadre de nos services, applications et outils. Vous trouverez ci-dessous un r\u00e9capitulatif des principaux \u00e9l\u00e9ments \u00e0 savoir \u00e0 ce propos.<\/p>\n<p class=\"font_8\"><span class=\"wixGuard\">\u200b<\/span><\/p>\n<p class=\"font_8\">\u00a0Qu&rsquo;est-ce qu&rsquo;un cookie ?<\/p>\n<p class=\"font_8\">Les cookies sont de petits fichiers texte (g\u00e9n\u00e9ralement compos\u00e9s de lettres et de chiffres) stock\u00e9s dans la m\u00e9moire de votre navigateur ou de votre appareil lorsque vous visitez un site Web ou consultez un message. Les cookies permettent \u00e0 un site Web de reconna\u00eetre le navigateur ou l&rsquo;appareil. Comme la plupart des sites,\u00a0placedelagare.fr utilise des technologies, en majorit\u00e9, par le biais de petits fichiers de donn\u00e9es enregistr\u00e9s sur votre appareil qui nous permettent d&rsquo;enregistrer certaines informations lorsque vous visitez ou utilisez nos sites, services, applications, syst\u00e8mes de messagerie et outils.<\/p>\n<p class=\"font_8\">Il existe plusieurs types de cookies :<\/p>\n<p class=\"font_8\">-Les cookies de session expirent d\u00e8s la fermeture du navigateur et nous permettent de lier vos actions au cours de cette session en particulier.<\/p>\n<p class=\"font_8\">-Les cookies persistants sont stock\u00e9s sur votre appareil entre les sessions de navigation et nous permettent de m\u00e9moriser vos pr\u00e9f\u00e9rences ou actions sur plusieurs sites.<\/p>\n<p class=\"font_8\">-Les cookies propri\u00e9taires sont \u00e9mis par le site que vous visitez. Les cookies tiers sont \u00e9mis par un site tiers distinct du site que vous visitez.<\/p>\n<p class=\"font_8\"><span class=\"wixGuard\">\u200b<\/span><\/p>\n<p class=\"font_8\">Quel type de cookies utilise lescavesdejoseph.com ?<\/p>\n<p class=\"font_8\"><span class=\"wixGuard\">\u200b<\/span><\/p>\n<p class=\"font_8\">Nos cookies ont diff\u00e9rentes fonctions. Ils peuvent \u00eatre n\u00e9cessaires au fonctionnement de nos services, nous aider \u00e0 am\u00e9liorer nos performances, vous offrir des fonctionnalit\u00e9s suppl\u00e9mentaires ou nous aider \u00e0 vous proposer des publicit\u00e9s pertinentes et cibl\u00e9es. Nous utilisons des cookies et des technologies similaires qui restent sur votre appareil uniquement pendant l&rsquo;ouverture de votre navigateur (cookies de session), et des cookies et des technologies similaires qui restent sur votre appareil pendant une p\u00e9riode plus longue (cookies persistants).<\/p>\n<p class=\"font_8\"><span class=\"wixGuard\">\u200b<\/span><\/p>\n<p class=\"font_8\">\u00a01. Cookies\u00a0utilis\u00e9s sur placedelagare.fr<\/p>\n<p class=\"font_8\"><span class=\"wixGuard\">\u200b<\/span><\/p>\n<p class=\"font_8\">Nom du cookie\u00a0 \u00a0 \u00a0 \u00a0 \u00a0 \u00a0 \u00a0 \u00a0 \u00a0 \u00a0 \u00a0 \u00a0 \u00a0 \u00a0 \u00a0 \u00a0 \u00a0 \u00a0 \u00a0 \u00a0 \u00a0 Dur\u00e9e\u00a0 \u00a0 \u00a0 \u00a0 \u00a0 \u00a0 \u00a0 \u00a0 \u00a0 \u00a0 \u00a0 \u00a0 \u00a0 \u00a0 \u00a0 \u00a0But<\/p>\n<p class=\"font_8\"><span class=\"wixGuard\">\u200b<\/span><\/p>\n<p class=\"font_8\">svSession\u00a0 \u00a0 \u00a0 \u00a0 \u00a0 \u00a0 \u00a0 \u00a0 \u00a0 \u00a0 \u00a0 \u00a0 \u00a0 \u00a0 \u00a0 \u00a0 \u00a0 \u00a0 \u00a0 \u00a0 \u00a0 \u00a0 \u00a0 \u00a0 \u00a0 Permanent\u00a0 \u00a0 \u00a0 \u00a0 \u00a0 \u00a0 \u00a0 \u00a0 \u00a0 \u00a0 \u00a0 \u00a0Cr\u00e9er des activit\u00e9s et informatique d\u00e9cisionnelle<\/p>\n<p class=\"font_8\">hs\u00a0 \u00a0 \u00a0 \u00a0 \u00a0 \u00a0 \u00a0 \u00a0 \u00a0 \u00a0 \u00a0 \u00a0 \u00a0 \u00a0 \u00a0 \u00a0 \u00a0 \u00a0 \u00a0 \u00a0 \u00a0 \u00a0 \u00a0 \u00a0 \u00a0 \u00a0 \u00a0 \u00a0 \u00a0 \u00a0 \u00a0 \u00a0Session\u00a0 \u00a0 \u00a0 \u00a0 \u00a0 \u00a0 \u00a0 \u00a0 \u00a0 \u00a0 \u00a0 \u00a0 \u00a0 \u00a0 \u00a0S\u00e9curit\u00e9<\/p>\n<p class=\"font_8\">incap_ses_${Proxy-ID}_${Site-ID}\u00a0 \u00a0 \u00a0 \u00a0 \u00a0 Session\u00a0 \u00a0 \u00a0 \u00a0 \u00a0 \u00a0 \u00a0 \u00a0 \u00a0 \u00a0 \u00a0 \u00a0 \u00a0 \u00a0 \u00a0S\u00e9curit\u00e9<\/p>\n<p class=\"font_8\">incap_visid_${Proxy-ID}_${Site-ID}\u00a0 \u00a0 \u00a0 \u00a0 Session\u00a0 \u00a0 \u00a0 \u00a0 \u00a0 \u00a0 \u00a0 \u00a0 \u00a0 \u00a0 \u00a0 \u00a0 \u00a0 \u00a0 \u00a0S\u00e9curit\u00e9<\/p>\n<p class=\"font_8\">nlbi_{ID}\u00a0 \u00a0 \u00a0 \u00a0 \u00a0 \u00a0 \u00a0 \u00a0 \u00a0 \u00a0 \u00a0 \u00a0 \u00a0 \u00a0 \u00a0 \u00a0 \u00a0 \u00a0 \u00a0 \u00a0 \u00a0 \u00a0 \u00a0 \u00a0 \u00a0 \u00a0 \u00a0Cookie persistant\u00a0 \u00a0 \u00a0 \u00a0 \u00a0 \u00a0 S\u00e9curit\u00e9<\/p>\n<p class=\"font_8\">XSRF-TOKEN\u00a0 \u00a0 \u00a0 \u00a0 \u00a0 \u00a0 \u00a0 \u00a0 \u00a0 \u00a0 \u00a0 \u00a0 \u00a0 \u00a0 \u00a0 \u00a0 \u00a0 \u00a0 \u00a0 \u00a0 \u00a0 \u00a0 Cookie persistant\u00a0 \u00a0 \u00a0 \u00a0 \u00a0 \u00a0 S\u00e9curit\u00e9<\/p>\n<p class=\"font_8\">smSession\u00a0 \u00a0 \u00a0 \u00a0 \u00a0 \u00a0 \u00a0 \u00a0 \u00a0 \u00a0 \u00a0 \u00a0 \u00a0 \u00a0 \u00a0 \u00a0 \u00a0 \u00a0 \u00a0 \u00a0 \u00a0 \u00a0 \u00a0 \u00a0 2 semaines\u00a0 \u00a0 \u00a0 \u00a0 \u00a0 \u00a0 \u00a0 \u00a0 \u00a0 \u00a0 \u00a0 \u00a0Identifier les membres du site (qui est\u00a0 connect\u00e9)<\/p>\n<p class=\"font_8\"><span class=\"wixGuard\">\u200b<\/span><\/p>\n<p class=\"font_8\"><span class=\"wixGuard\">\u200b<\/span><\/p>\n<h5 class=\"font_5\">PARAM\u00c8TRES DES COOKIES<\/h5>\n<p class=\"font_8\">Nous pouvons utiliser des cookies pour \u00e9valuer les performances de nos sites Web, applications, services et outils, notamment dans le cadre de nos pratiques analytiques, pour nous aider \u00e0 comprendre comment les visiteurs utilisent nos sites Web, \u00e0 d\u00e9terminer si vous avez interagi avec notre messagerie, \u00e0 d\u00e9tecter si vous avez consult\u00e9 un produit ou un lien ou \u00e0 am\u00e9liorer le contenu de notre site Web, de nos applications, de nos services ou de nos outils.<\/p>\n<p class=\"font_8\">Nous offrons des fonctionnalit\u00e9s de site, des services, des applications et des outils qui sont mis \u00e0 disposition uniquement par le biais de l&rsquo;utilisation de ces technologies. Vous avez le choix de bloquer, supprimer ou d\u00e9sactiver ces technologiques si votre navigateur, l&rsquo;application que vous avez install\u00e9e ou votre appareil le permet. Cependant, si vous refusez l&rsquo;utilisation de cookies, il se peut que vous ne puissiez pas tirer parti de certaines fonctionnalit\u00e9s de site, de certains services, de certaines applications ou de certains outils. Il peut \u00e9galement vous \u00eatre demand\u00e9 de saisir votre mot de passe plus fr\u00e9quemment au cours de votre session de navigation. Pour plus d&rsquo;informations sur le blocage, la suppression ou la d\u00e9sactivation de ces technologies, consultez les param\u00e8tres de votre navigateur ou de votre appareil.<\/p>\n<p class=\"font_8\">Les cookies peuvent \u00eatre d\u00e9sactiv\u00e9s ou supprim\u00e9s \u00e0 l&rsquo;aide d&rsquo;outils disponibles dans la plupart des navigateurs. Les pr\u00e9f\u00e9rences de chacun des navigateurs que vous utilisez devront \u00eatre d\u00e9finies de fa\u00e7on distincte. Chaque navigateur propose des fonctionnalit\u00e9s et options diff\u00e9rentes.<\/p>\n<p class=\"font_8\">Pour modifier les param\u00e8tres des cookies dans votre navigateur, acc\u00e9dez aux \u00ab options \u00bb ou aux \u00ab outils \u00bb et modifiez les param\u00e8tres.<\/p>\n<p class=\"font_8\"><span class=\"wixGuard\">\u200b<\/span><\/p>\n<p class=\"font_8\">ARTICLE 7 \u2013 \u00c2GE DE CONSENTEMENT<\/p>\n<p class=\"font_8\">En utilisant ce site, vous d\u00e9clarez que vous avez au moins l\u2019\u00e2ge de la majorit\u00e9 dans votre \u00c9tat ou province de r\u00e9sidence, et que vous nous avez donn\u00e9 votre consentement pour permettre \u00e0 toute personne d\u2019\u00e2ge mineur \u00e0 votre charge d\u2019utiliser ce site web.<\/p>\n<p class=\"font_8\">ARTICLE 8 \u2013 MODIFICATIONS APPORT\u00c9ES \u00c0 LA PR\u00c9SENTE POLITIQUE DE CONFIDENTIALIT\u00c9<\/p>\n<p class=\"font_8\">Nous nous r\u00e9servons le droit de modifier la pr\u00e9sente politique de confidentialit\u00e9 \u00e0 tout moment, donc veuillez s\u2019il vous plait la consulter fr\u00e9quemment. Les changements et les clarifications prendront effet imm\u00e9diatement apr\u00e8s leur publication sur le site web. Si nous apportons des changements au contenu de cette politique, nous vous aviserons ici qu\u2019elle a \u00e9t\u00e9 mise \u00e0 jour, pour que vous sachiez quels renseignements nous recueillons, la mani\u00e8re dont nous les utilisons, et dans quelles circonstances nous les divulguons, s\u2019il y a lieu de le faire.<\/p>\n<p class=\"font_8\">Si notre boutique fait l\u2019objet d\u2019une acquisition par ou d\u2019une fusion avec une autre entreprise, vos renseignements pourraient \u00eatre transf\u00e9r\u00e9s aux nouveaux propri\u00e9taires pour que nous puissions continuer \u00e0 vous vendre des produits.<\/p>\n<p class=\"font_8\">QUESTIONS ET COORDONN\u00c9ES<\/p>\n<p class=\"font_8\">Si vous souhaitez: acc\u00e9der \u00e0, corriger, modifier ou supprimer toute information personnelle que nous avons \u00e0 votre sujet, d\u00e9poser une plainte, ou si vous souhaitez simplement avoir plus d\u2019informations, contactez notre agent responsable des normes de confidentialit\u00e9 \u00e0 lescavesdejoseph@outlook.fr.<\/p>\n<p class=\"font_8\">Vous pouvez demander \u00e0 tout moment de r\u00e9cup\u00e9rer les donn\u00e9es personnelles vous concernant ou souhaiter qu&rsquo;elles soient d\u00e9truites en nous envoyant un mail \u00e0 lescavesdejoseph@outlook.fr.<\/p>\n","protected":false},"excerpt":{"rendered":"<p>D\u00c9CLARATION DE CONFIDENTIALIT\u00c9 &#8212;- DONNEES PERSONNELLES : De mani\u00e8re g\u00e9n\u00e9rale, vous n\u2019\u00eates pas tenu de nous communiquer vos donn\u00e9es personnelles lorsque vous visitez notre site Internet\u00a0lescavesdejoseph.com. Cependant, ce principe comporte certaines exceptions. En effet, pour certains services propos\u00e9s par notre site, vous pouvez \u00eatre amen\u00e9s \u00e0 nous communiquer certaines donn\u00e9es telles que : votre nom, [&hellip;]<\/p>\n","protected":false},"author":5,"featured_media":0,"parent":0,"menu_order":0,"comment_status":"closed","ping_status":"closed","template":"","meta":{"_monsterinsights_skip_tracking":false,"_monsterinsights_sitenote_active":false,"_monsterinsights_sitenote_note":"","_monsterinsights_sitenote_category":0,"ocean_post_layout":"","ocean_both_sidebars_style":"","ocean_both_sidebars_content_width":0,"ocean_both_sidebars_sidebars_width":0,"ocean_sidebar":"0","ocean_second_sidebar":"0","ocean_disable_margins":"enable","ocean_add_body_class":"","ocean_shortcode_before_top_bar":"","ocean_shortcode_after_top_bar":"","ocean_shortcode_before_header":"","ocean_shortcode_after_header":"","ocean_has_shortcode":"","ocean_shortcode_after_title":"","ocean_shortcode_before_footer_widgets":"","ocean_shortcode_after_footer_widgets":"","ocean_shortcode_before_footer_bottom":"","ocean_shortcode_after_footer_bottom":"","ocean_display_top_bar":"default","ocean_display_header":"default","ocean_header_style":"","ocean_center_header_left_menu":"0","ocean_custom_header_template":"0","ocean_custom_logo":0,"ocean_custom_retina_logo":0,"ocean_custom_logo_max_width":0,"ocean_custom_logo_tablet_max_width":0,"ocean_custom_logo_mobile_max_width":0,"ocean_custom_logo_max_height":0,"ocean_custom_logo_tablet_max_height":0,"ocean_custom_logo_mobile_max_height":0,"ocean_header_custom_menu":"0","ocean_menu_typo_font_family":"0","ocean_menu_typo_font_subset":"","ocean_menu_typo_font_size":0,"ocean_menu_typo_font_size_tablet":0,"ocean_menu_typo_font_size_mobile":0,"ocean_menu_typo_font_size_unit":"px","ocean_menu_typo_font_weight":"","ocean_menu_typo_font_weight_tablet":"","ocean_menu_typo_font_weight_mobile":"","ocean_menu_typo_transform":"","ocean_menu_typo_transform_tablet":"","ocean_menu_typo_transform_mobile":"","ocean_menu_typo_line_height":0,"ocean_menu_typo_line_height_tablet":0,"ocean_menu_typo_line_height_mobile":0,"ocean_menu_typo_line_height_unit":"","ocean_menu_typo_spacing":0,"ocean_menu_typo_spacing_tablet":0,"ocean_menu_typo_spacing_mobile":0,"ocean_menu_typo_spacing_unit":"","ocean_menu_link_color":"","ocean_menu_link_color_hover":"","ocean_menu_link_color_active":"","ocean_menu_link_background":"","ocean_menu_link_hover_background":"","ocean_menu_link_active_background":"","ocean_menu_social_links_bg":"","ocean_menu_social_hover_links_bg":"","ocean_menu_social_links_color":"","ocean_menu_social_hover_links_color":"","ocean_disable_title":"default","ocean_disable_heading":"default","ocean_post_title":"","ocean_post_subheading":"","ocean_post_title_style":"","ocean_post_title_background_color":"","ocean_post_title_background":0,"ocean_post_title_bg_image_position":"","ocean_post_title_bg_image_attachment":"","ocean_post_title_bg_image_repeat":"","ocean_post_title_bg_image_size":"","ocean_post_title_height":0,"ocean_post_title_bg_overlay":0.5,"ocean_post_title_bg_overlay_color":"","ocean_disable_breadcrumbs":"default","ocean_breadcrumbs_color":"","ocean_breadcrumbs_separator_color":"","ocean_breadcrumbs_links_color":"","ocean_breadcrumbs_links_hover_color":"","ocean_display_footer_widgets":"default","ocean_display_footer_bottom":"default","ocean_custom_footer_template":"","footnotes":""},"class_list":["post-43","page","type-page","status-publish","hentry","entry"],"aioseo_notices":[],"_links":{"self":[{"href":"https:\/\/lescavesdejoseph.com\/index.php\/wp-json\/wp\/v2\/pages\/43","targetHints":{"allow":["GET"]}}],"collection":[{"href":"https:\/\/lescavesdejoseph.com\/index.php\/wp-json\/wp\/v2\/pages"}],"about":[{"href":"https:\/\/lescavesdejoseph.com\/index.php\/wp-json\/wp\/v2\/types\/page"}],"author":[{"embeddable":true,"href":"https:\/\/lescavesdejoseph.com\/index.php\/wp-json\/wp\/v2\/users\/5"}],"replies":[{"embeddable":true,"href":"https:\/\/lescavesdejoseph.com\/index.php\/wp-json\/wp\/v2\/comments?post=43"}],"version-history":[{"count":4,"href":"https:\/\/lescavesdejoseph.com\/index.php\/wp-json\/wp\/v2\/pages\/43\/revisions"}],"predecessor-version":[{"id":388,"href":"https:\/\/lescavesdejoseph.com\/index.php\/wp-json\/wp\/v2\/pages\/43\/revisions\/388"}],"wp:attachment":[{"href":"https:\/\/lescavesdejoseph.com\/index.php\/wp-json\/wp\/v2\/media?parent=43"}],"curies":[{"name":"wp","href":"https:\/\/api.w.org\/{rel}","templated":true}]}}